{"id":486,"date":"2017-12-13T13:53:55","date_gmt":"2017-12-13T13:53:55","guid":{"rendered":"https:\/\/test.webportal.rs\/nami\/kontakt\/"},"modified":"2020-03-05T10:13:59","modified_gmt":"2020-03-05T10:13:59","slug":"contact","status":"publish","type":"page","link":"https:\/\/www.nami.co.rs\/en\/contact\/","title":{"rendered":"Contact"},"content":{"rendered":"<div id=\"pl-486\"  class=\"panel-layout\" ><div id=\"pg-486-0\"  class=\"panel-grid panel-has-style\" ><div class=\"contact panel-row-style panel-row-style-for-486-0\" ><div id=\"pgc-486-0-0\"  class=\"panel-grid-cell\" ><div id=\"panel-486-0-0-0\" class=\"so-panel widget widget_siteorigin-panels-builder panel-first-child panel-last-child\" data-index=\"0\" ><div id=\"pl-w5e60d0e7445b4\"  class=\"panel-layout\" ><div id=\"pg-w5e60d0e7445b4-0\"  class=\"panel-grid panel-has-style\" ><div class=\"adres-cont panel-row-style panel-row-style-for-w5e60d0e7445b4-0\" ><div id=\"pgc-w5e60d0e7445b4-0-0\"  class=\"panel-grid-cell\" ><div id=\"panel-w5e60d0e7445b4-0-0-0\" class=\"so-panel widget widget_sow-editor panel-first-child panel-last-child\" data-index=\"0\" ><div class=\"adress panel-widget-style panel-widget-style-for-w5e60d0e7445b4-0-0-0\" ><div\n\t\t\t\n\t\t\tclass=\"so-widget-sow-editor so-widget-sow-editor-base\"\n\t\t\t\n\t\t>\n<div class=\"siteorigin-widget-tinymce textwidget\">\n\t<p>Highway to Novi Sad\u00a0number\u00a0<span>217 and 246B Zemun - Belgrade\u00a0<\/span><br \/>\n11080 Belgrade<br \/>\nRepublic of Serbia<br \/>\n<a href=\"tel:+381114140128\"><i class=\"fa fa-phone\" aria-hidden=\"true\"><\/i>011 414 - 0 - 128<\/a><br \/>\n<a href=\"tel:+381114140120\"><i class=\"fa fa-phone\" aria-hidden=\"true\"><\/i>011 414 - 0 - 120<\/a><br \/>\n<a href=\"#\"><i class=\"fa fa-fax\" aria-hidden=\"true\"><\/i>+381 11 414 - 0 - 126<\/a><br \/>\n<a href=\"mailto:info@nami.co.rs\"><i class=\"fa fa-envelope-o\" aria-hidden=\"true\"><\/i>info@nami.co.rs<\/a><br \/>\n<a href=\"#\"><i class=\"fa fa-globe\" aria-hidden=\"true\"><\/i>www.nami.co.rs<\/a><\/p>\n<\/div>\n<\/div><\/div><\/div><\/div><div id=\"pgc-w5e60d0e7445b4-0-1\"  class=\"panel-grid-cell\" ><div id=\"panel-w5e60d0e7445b4-0-1-0\" class=\"so-panel widget widget_sow-editor panel-first-child panel-last-child\" data-index=\"1\" ><div class=\"cont-form panel-widget-style panel-widget-style-for-w5e60d0e7445b4-0-1-0\" ><div\n\t\t\t\n\t\t\tclass=\"so-widget-sow-editor so-widget-sow-editor-base\"\n\t\t\t\n\t\t>\n<div class=\"siteorigin-widget-tinymce textwidget\">\n\t<div class=\"wpcf7 no-js\" id=\"wpcf7-f494-o1\" lang=\"en-US\" dir=\"ltr\" data-wpcf7-id=\"494\">\n<div class=\"screen-reader-response\">\n<p role=\"status\" aria-live=\"polite\" aria-atomic=\"true\">\n<ul><\/ul>\n<\/div>\n<form action=\"\/en\/wp-json\/wp\/v2\/pages\/486#wpcf7-f494-o1\" method=\"post\" class=\"wpcf7-form init\" aria-label=\"Contact form\" novalidate=\"novalidate\" data-status=\"init\">\n<div style=\"display: none;\">\n<input type=\"hidden\" name=\"_wpcf7\" value=\"494\" \/><br \/>\n<input type=\"hidden\" name=\"_wpcf7_version\" value=\"6.0.6\" \/><br \/>\n<input type=\"hidden\" name=\"_wpcf7_locale\" value=\"en_US\" \/><br \/>\n<input type=\"hidden\" name=\"_wpcf7_unit_tag\" value=\"wpcf7-f494-o1\" \/><br \/>\n<input type=\"hidden\" name=\"_wpcf7_container_post\" value=\"0\" \/><br \/>\n<input type=\"hidden\" name=\"_wpcf7_posted_data_hash\" value=\"\" \/>\n<\/div>\n<p><span class=\"wpcf7-form-control-wrap\" data-name=\"text-name\"><input size=\"40\" maxlength=\"400\" class=\"wpcf7-form-control wpcf7-text wpcf7-validates-as-required\" aria-required=\"true\" aria-invalid=\"false\" placeholder=\"Name\" value=\"\" type=\"text\" name=\"text-name\" \/><\/span><span class=\"wpcf7-form-control-wrap\" data-name=\"email-470\"><input size=\"40\" maxlength=\"400\" class=\"wpcf7-form-control wpcf7-email wpcf7-validates-as-required wpcf7-text wpcf7-validates-as-email\" aria-required=\"true\" aria-invalid=\"false\" placeholder=\"E-mail\" value=\"\" type=\"email\" name=\"email-470\" \/><\/span><span class=\"wpcf7-form-control-wrap\" data-name=\"tel-623\"><input size=\"40\" maxlength=\"400\" class=\"wpcf7-form-control wpcf7-tel wpcf7-validates-as-required wpcf7-text wpcf7-validates-as-tel\" aria-required=\"true\" aria-invalid=\"false\" placeholder=\"Phone\" value=\"\" type=\"tel\" name=\"tel-623\" \/><\/span><span class=\"wpcf7-form-control-wrap\" data-name=\"text-subject\"><input size=\"40\" maxlength=\"400\" class=\"wpcf7-form-control wpcf7-text wpcf7-validates-as-required\" aria-required=\"true\" aria-invalid=\"false\" placeholder=\"Subject\" value=\"\" type=\"text\" name=\"text-subject\" \/><\/span><span class=\"wpcf7-form-control-wrap\" data-name=\"textarea-285\"><textarea cols=\"40\" rows=\"10\" maxlength=\"2000\" class=\"wpcf7-form-control wpcf7-textarea\" aria-invalid=\"false\" placeholder=\"Your Message...\" name=\"textarea-285\"><\/textarea><\/span>[recaptcha]<input class=\"wpcf7-form-control wpcf7-submit has-spinner submit\" type=\"submit\" value=\"Send\" \/>\n<\/p>\n<div class=\"wpcf7-response-output\" aria-hidden=\"true\"><\/div>\n<\/form>\n<\/div>\n<\/div>\n<\/div><\/div><\/div><\/div><\/div><\/div><div id=\"pg-w5e60d0e7445b4-1\"  class=\"panel-grid panel-has-style\" ><div class=\"menadz-cont panel-row-style panel-row-style-for-w5e60d0e7445b4-1\" ><div id=\"pgc-w5e60d0e7445b4-1-0\"  class=\"panel-grid-cell\" ><div id=\"panel-w5e60d0e7445b4-1-0-0\" class=\"so-panel widget widget_sow-editor panel-first-child panel-last-child\" data-index=\"2\" ><div class=\"box panel-widget-style panel-widget-style-for-w5e60d0e7445b4-1-0-0\" ><div\n\t\t\t\n\t\t\tclass=\"so-widget-sow-editor so-widget-sow-editor-base\"\n\t\t\t\n\t\t>\n<div class=\"siteorigin-widget-tinymce textwidget\">\n\t<h3 style=\"text-align: center;\">Operation &amp; Sales Director<\/h3>\n<p style=\"text-align: center;\"><strong>Oliver Petrovic<\/strong><\/p>\n<p style=\"text-align: center;\"><a href=\"tel:+381 11 414 0 123\"><i class=\"fa fa-phone\" aria-hidden=\"true\"><\/i>+381 11 414 0 123<\/a><br \/>\n<a href=\"tel:+381 60 011 57 32\"><i class=\"fa fa-mobile\" aria-hidden=\"true\"><\/i>+381 60 011 57 32<\/a><\/p>\n<h3 style=\"text-align: center;\">Office<\/h3>\n<p style=\"text-align: center;\"><a href=\"mailto:info@nami.co.rs\"><i class=\"fa fa-envelope-o\" aria-hidden=\"true\"><\/i>info@nami.co.rs<\/a><br \/>\n<a href=\"tel:+381114140128\"><i class=\"fa fa-phone\" aria-hidden=\"true\"><\/i>+381 11 414 0 128<\/a>;<br \/>\n<a href=\"tel:+3810114140123\"><i class=\"fa fa-phone\" aria-hidden=\"true\"><\/i>+381 11 414 0 123<\/a><br \/>\n<a href=\"#\"><i class=\"fa fa-fax\" aria-hidden=\"true\"><\/i>+381 11 414 0 126<\/a><\/p>\n<\/div>\n<\/div><\/div><\/div><\/div><div id=\"pgc-w5e60d0e7445b4-1-1\"  class=\"panel-grid-cell\" ><div id=\"panel-w5e60d0e7445b4-1-1-0\" class=\"so-panel widget widget_sow-editor panel-first-child panel-last-child\" data-index=\"3\" ><div class=\"box panel-widget-style panel-widget-style-for-w5e60d0e7445b4-1-1-0\" ><div\n\t\t\t\n\t\t\tclass=\"so-widget-sow-editor so-widget-sow-editor-base\"\n\t\t\t\n\t\t>\n<div class=\"siteorigin-widget-tinymce textwidget\">\n\t<h3 style=\"text-align: center;\">Commercial Administrative Assistant<\/h3>\n<p style=\"text-align: center;\"><strong>Sanja \u0106ur\u010di\u0107<\/strong><\/p>\n<p style=\"text-align: center;\"><a href=\"tel:+381 11 414 0 128\"><i class=\"fa fa-phone\" aria-hidden=\"true\"><\/i>+381 11 414 0 128<\/a><br \/>\n<a href=\"tel:+381 60 011 5 142\"><i class=\"fa fa-mobile\" aria-hidden=\"true\"><\/i>+381 60 011 5 142<\/a><\/p>\n<p style=\"text-align: center;\"><strong>Marija Vuji\u010di\u0107<\/strong><\/p>\n<p style=\"text-align: center;\"><a href=\"tel:+381114140128\"><i class=\"fa fa-phone\" aria-hidden=\"true\"><\/i>+381 11 414 0 128<\/a><br \/>\n<a href=\"tex:+381600115142\"><i class=\"fa fa-mobile\" aria-hidden=\"true\"><\/i>+381 60 011 5 142<\/a><\/p>\n<\/div>\n<\/div><\/div><\/div><\/div><div id=\"pgc-w5e60d0e7445b4-1-2\"  class=\"panel-grid-cell\" ><div id=\"panel-w5e60d0e7445b4-1-2-0\" class=\"so-panel widget widget_sow-editor panel-first-child panel-last-child\" data-index=\"4\" ><div class=\"box panel-widget-style panel-widget-style-for-w5e60d0e7445b4-1-2-0\" ><div\n\t\t\t\n\t\t\tclass=\"so-widget-sow-editor so-widget-sow-editor-base\"\n\t\t\t\n\t\t>\n<div class=\"siteorigin-widget-tinymce textwidget\">\n\t<h3 style=\"text-align: center;\">Warehouse Manager<\/h3>\n<p style=\"text-align: center;\"><strong>Dragan Karapand\u017ea<\/strong><\/p>\n<p style=\"text-align: center;\"><a href=\"tel:+381 11 414 0 120\"><i class=\"fa fa-phone\" aria-hidden=\"true\"><\/i>+381 11 414 0 120<\/a><br \/>\n<a href=\"tel:+381 60 011 51 35\"><i class=\"fa fa-mobile\" aria-hidden=\"true\"><\/i>+381 60 011 51 35<\/a><\/p>\n<h3 style=\"text-align: center;\">Forwarding<\/h3>\n<p style=\"text-align: center;\"><strong>Nikola Radulovi\u0107<\/strong><\/p>\n<p style=\"text-align: center;\"><a href=\"tel:+381600115123\"><i class=\"fa fa-mobile\" aria-hidden=\"true\"><\/i>+381 60 011 5 123<\/a><\/p>\n<p style=\"text-align: center;\"><strong>Marko \u017divkovi\u0107<\/strong><\/p>\n<p style=\"text-align: center;\"><a href=\"tel:+381 11 414 0 123\"><i class=\"fa fa-phone\" aria-hidden=\"true\"><\/i>+381 11 414 0 123<\/a><br \/>\n<a href=\"tel:+381600115122\"><i class=\"fa fa-mobile\" aria-hidden=\"true\"><\/i>+381 60 011 5 122<\/a><\/p>\n<\/div>\n<\/div><\/div><\/div><\/div><\/div><\/div><\/div><\/div><\/div><\/div><\/div><div id=\"pg-486-1\"  class=\"panel-grid panel-has-style\" ><div class=\"siteorigin-panels-stretch panel-row-style panel-row-style-for-486-1\" data-stretch-type=\"full-stretched\" ><div id=\"pgc-486-1-0\"  class=\"panel-grid-cell\" ><div id=\"panel-486-1-0-0\" class=\"so-panel widget widget_sow-google-map panel-first-child panel-last-child\" data-index=\"1\" ><div\n\t\t\t\n\t\t\tclass=\"so-widget-sow-google-map so-widget-sow-google-map-default-6b23895f316e-486\"\n\t\t\t\n\t\t>\n<div class=\"sow-google-map-canvas\"\n\tstyle=\"\"\n\tid=\"map-canvas-7a515e993e5ae1ec787e720f5f29768e\"\n\tdata-options=\"{&quot;address&quot;:&quot;44.8858728, 20.3062336&quot;,&quot;zoom&quot;:14,&quot;mobileZoom&quot;:14,&quot;gestureHandling&quot;:&quot;greedy&quot;,&quot;disableUi&quot;:false,&quot;markerIcon&quot;:false,&quot;markersDraggable&quot;:false,&quot;markerAtCenter&quot;:true,&quot;markerInfoDisplay&quot;:&quot;click&quot;,&quot;markerInfoMultiple&quot;:true,&quot;markerPositions&quot;:false,&quot;mapName&quot;:false,&quot;mapStyles&quot;:false,&quot;directions&quot;:&quot;&quot;,&quot;apiKey&quot;:&quot;AIzaSyAoEbOkEGs2klbzqkuhMeVgq9m1Q2-W27k&quot;,&quot;breakpoint&quot;:780,&quot;id&quot;:&quot;6a048f&quot;}\"\n\tdata-fallback-image=\"{&quot;img&quot;:&quot;&quot;}\"><\/div>\n<\/div><\/div><\/div><\/div><\/div><\/div>","protected":false},"excerpt":{"rendered":"<p>Highway to Novi Sad\u00a0number\u00a0217 and 246B Zemun &#8211; Belgrade\u00a0 11080 Belgrade Republic of Serbia 011 414 &#8211; 0 &#8211; 128 011 414 &#8211; 0 &#8211; 120 +381 11 414 &#8211; 0 &#8211; 126 info@nami.co.rs www.nami.co.rs [recaptcha] Operation &amp; Sales Director Oliver Petrovic +381 11 414 0 123 +381 60 011 57 32 Office info@nami.co.rs +381 [&hellip;]<\/p>\n","protected":false},"author":3,"featured_media":0,"parent":0,"menu_order":0,"comment_status":"closed","ping_status":"closed","template":"","meta":{"footnotes":""},"class_list":["post-486","page","type-page","status-publish","hentry"],"aioseo_notices":[],"_links":{"self":[{"href":"https:\/\/www.nami.co.rs\/en\/wp-json\/wp\/v2\/pages\/486"}],"collection":[{"href":"https:\/\/www.nami.co.rs\/en\/wp-json\/wp\/v2\/pages"}],"about":[{"href":"https:\/\/www.nami.co.rs\/en\/wp-json\/wp\/v2\/types\/page"}],"author":[{"embeddable":true,"href":"https:\/\/www.nami.co.rs\/en\/wp-json\/wp\/v2\/users\/3"}],"replies":[{"embeddable":true,"href":"https:\/\/www.nami.co.rs\/en\/wp-json\/wp\/v2\/comments?post=486"}],"version-history":[{"count":5,"href":"https:\/\/www.nami.co.rs\/en\/wp-json\/wp\/v2\/pages\/486\/revisions"}],"predecessor-version":[{"id":707,"href":"https:\/\/www.nami.co.rs\/en\/wp-json\/wp\/v2\/pages\/486\/revisions\/707"}],"wp:attachment":[{"href":"https:\/\/www.nami.co.rs\/en\/wp-json\/wp\/v2\/media?parent=486"}],"curies":[{"name":"wp","href":"https:\/\/api.w.org\/{rel}","templated":true}]}}