{"id":482,"date":"2017-12-13T14:22:04","date_gmt":"2017-12-13T14:22:04","guid":{"rendered":"https:\/\/test.webportal.rs\/nami\/galerija\/"},"modified":"2018-01-08T13:43:03","modified_gmt":"2018-01-08T13:43:03","slug":"image-gallery","status":"publish","type":"page","link":"https:\/\/www.nami.co.rs\/en\/image-gallery\/","title":{"rendered":"Image Gallery"},"content":{"rendered":"<div id=\"pl-482\"  class=\"panel-layout\" ><div id=\"pg-482-0\"  class=\"panel-grid panel-has-style\" ><div class=\"inside galery panel-row-style panel-row-style-for-482-0\" ><div id=\"pgc-482-0-0\"  class=\"panel-grid-cell\" ><div id=\"panel-482-0-0-0\" class=\"so-panel widget widget_sow-editor panel-first-child panel-last-child\" data-index=\"0\" ><div\n\t\t\t\n\t\t\tclass=\"so-widget-sow-editor so-widget-sow-editor-base\"\n\t\t\t\n\t\t>\n<div class=\"siteorigin-widget-tinymce textwidget\">\n\t<style type=\"text\/css\">.foogallery-album-gallery-list .foogallery-pile h3 { background: #fff !important; }.foogallery-album-gallery-list .foogallery-pile h3 { color: #000000 !important; }<\/style>\n<div id=\"foogallery-album-311\">\n<ul class=\"foogallery-album-gallery-list alignment-center\">\n<li>\n<div class=\"foogallery-pile\">\n<div class=\"foogallery-pile-inner\">\n\t\t\t\t\t\t\t<a href=\"https:\/\/www.nami.co.rs\/en\/image-gallery\/gallery\/skladiste-1#objekti\" target=\"_self\"><br \/>\n\t\t\t\t\t\t\t\t<img loading=\"lazy\" decoding=\"async\"  src=\"https:\/\/www.nami.co.rs\/wp-content\/uploads\/cache\/2017\/12\/ART_1405\/2864110397.jpg\" width=\"300\" height=\"200\" class=\"skip-lazy\" \/>\t\t\t\t\t\t\t\t\t\t\t\t\t\t\t\t<\/p>\n<h3>Skladi\u0161te 1\t\t\t\t\t\t\t\t\t<span>11 images<\/span><br \/>\n\t\t\t\t\t\t\t\t<\/h3>\n<p>\t\t\t\t\t\t\t<\/a>\n\t\t\t\t\t\t<\/div>\n<\/p><\/div>\n<\/li>\n<li>\n<div class=\"foogallery-pile\">\n<div class=\"foogallery-pile-inner\">\n\t\t\t\t\t\t\t<a href=\"https:\/\/www.nami.co.rs\/en\/image-gallery\/gallery\/skladiste-2#objekti\" target=\"_self\"><br \/>\n\t\t\t\t\t\t\t\t<img loading=\"lazy\" decoding=\"async\"  src=\"https:\/\/www.nami.co.rs\/wp-content\/uploads\/cache\/2017\/12\/img-05\/2947241693.jpg\" width=\"300\" height=\"200\" class=\"skip-lazy\" \/>\t\t\t\t\t\t\t\t\t\t\t\t\t\t\t\t<\/p>\n<h3>Skladi\u0161te 2\t\t\t\t\t\t\t\t\t<span>9 images<\/span><br \/>\n\t\t\t\t\t\t\t\t<\/h3>\n<p>\t\t\t\t\t\t\t<\/a>\n\t\t\t\t\t\t<\/div>\n<\/p><\/div>\n<\/li>\n<li>\n<div class=\"foogallery-pile\">\n<div class=\"foogallery-pile-inner\">\n\t\t\t\t\t\t\t<a href=\"https:\/\/www.nami.co.rs\/en\/image-gallery\/gallery\/skladiste-3#objekti\" target=\"_self\"><br \/>\n\t\t\t\t\t\t\t\t<img loading=\"lazy\" decoding=\"async\"  src=\"https:\/\/www.nami.co.rs\/wp-content\/uploads\/cache\/2017\/12\/ART_1439\/2439255247.jpg\" width=\"300\" height=\"200\" class=\"skip-lazy\" \/>\t\t\t\t\t\t\t\t\t\t\t\t\t\t\t\t<\/p>\n<h3>Skladi\u0161te 3\t\t\t\t\t\t\t\t\t<span>17 images<\/span><br \/>\n\t\t\t\t\t\t\t\t<\/h3>\n<p>\t\t\t\t\t\t\t<\/a>\n\t\t\t\t\t\t<\/div>\n<\/p><\/div>\n<\/li>\n<li>\n<div class=\"foogallery-pile\">\n<div class=\"foogallery-pile-inner\">\n\t\t\t\t\t\t\t<a href=\"https:\/\/www.nami.co.rs\/en\/image-gallery\/gallery\/skladiste-4#objekti\" target=\"_self\"><br \/>\n\t\t\t\t\t\t\t\t<img loading=\"lazy\" decoding=\"async\"  src=\"https:\/\/www.nami.co.rs\/wp-content\/uploads\/cache\/2018\/01\/ART_1467\/1093895016.jpg\" width=\"300\" height=\"200\" class=\"skip-lazy\" \/>\t\t\t\t\t\t\t\t\t\t\t\t\t\t\t\t<\/p>\n<h3>Skladi\u0161te 4\t\t\t\t\t\t\t\t\t<span>6 images<\/span><br \/>\n\t\t\t\t\t\t\t\t<\/h3>\n<p>\t\t\t\t\t\t\t<\/a>\n\t\t\t\t\t\t<\/div>\n<\/p><\/div>\n<\/li>\n<li>\n<div class=\"foogallery-pile\">\n<div class=\"foogallery-pile-inner\">\n\t\t\t\t\t\t\t<a href=\"https:\/\/www.nami.co.rs\/en\/image-gallery\/gallery\/vozni-park#objekti\" target=\"_self\"><br \/>\n\t\t\t\t\t\t\t\t<img loading=\"lazy\" decoding=\"async\"  src=\"https:\/\/www.nami.co.rs\/wp-content\/uploads\/cache\/2021\/11\/vozni-park\/3253220154.jpg\" width=\"300\" height=\"200\" class=\"skip-lazy\" \/>\t\t\t\t\t\t\t\t\t\t\t\t\t\t\t\t<\/p>\n<h3>Vozni park\t\t\t\t\t\t\t\t\t<span>3 images<\/span><br \/>\n\t\t\t\t\t\t\t\t<\/h3>\n<p>\t\t\t\t\t\t\t<\/a>\n\t\t\t\t\t\t<\/div>\n<\/p><\/div>\n<\/li>\n<\/ul>\n<div style=\"clear: both;\"><\/div>\n<\/div>\n<\/div>\n<\/div><\/div><\/div><\/div><\/div><\/div>","protected":false},"excerpt":{"rendered":"<p>Skladi\u0161te 1 11 images Skladi\u0161te 2 9 images Skladi\u0161te 3 17 images Skladi\u0161te 4 6 images Vozni park 3 images<\/p>\n","protected":false},"author":3,"featured_media":0,"parent":0,"menu_order":0,"comment_status":"closed","ping_status":"closed","template":"","meta":{"footnotes":""},"class_list":["post-482","page","type-page","status-publish","hentry"],"aioseo_notices":[],"_links":{"self":[{"href":"https:\/\/www.nami.co.rs\/en\/wp-json\/wp\/v2\/pages\/482"}],"collection":[{"href":"https:\/\/www.nami.co.rs\/en\/wp-json\/wp\/v2\/pages"}],"about":[{"href":"https:\/\/www.nami.co.rs\/en\/wp-json\/wp\/v2\/types\/page"}],"author":[{"embeddable":true,"href":"https:\/\/www.nami.co.rs\/en\/wp-json\/wp\/v2\/users\/3"}],"replies":[{"embeddable":true,"href":"https:\/\/www.nami.co.rs\/en\/wp-json\/wp\/v2\/comments?post=482"}],"version-history":[{"count":2,"href":"https:\/\/www.nami.co.rs\/en\/wp-json\/wp\/v2\/pages\/482\/revisions"}],"predecessor-version":[{"id":484,"href":"https:\/\/www.nami.co.rs\/en\/wp-json\/wp\/v2\/pages\/482\/revisions\/484"}],"wp:attachment":[{"href":"https:\/\/www.nami.co.rs\/en\/wp-json\/wp\/v2\/media?parent=482"}],"curies":[{"name":"wp","href":"https:\/\/api.w.org\/{rel}","templated":true}]}}